{"id":39,"date":"2023-01-13T15:32:11","date_gmt":"2023-01-13T14:32:11","guid":{"rendered":"http:\/\/anmam.fr\/?page_id=39"},"modified":"2025-07-04T12:55:58","modified_gmt":"2025-07-04T10:55:58","slug":"cr-dassemblees-generales","status":"publish","type":"page","link":"https:\/\/anmam.fr\/index.php\/accueil\/cr-dassemblees-generales\/","title":{"rendered":"CR d&#8217;assembl\u00e9es g\u00e9n\u00e9rales"},"content":{"rendered":"Ce contenu est r\u00e9serv\u00e9 aux adh\u00e9rents. Si vous \u00eates enregistr\u00e9s vous pouvez vous connecter ci-dessous.Si vous souhaitez adh\u00e9rer \u00e0 l'association vous pouvez adh\u00e9rer directement par Helloasso. L'Anmam vous fournira vos identifiants et mots de passe de connexions  ","protected":false},"excerpt":{"rendered":"","protected":false},"author":1,"featured_media":0,"parent":15,"menu_order":4,"comment_status":"closed","ping_status":"closed","template":"","meta":{"footnotes":""},"class_list":["post-39","page","type-page","status-publish","hentry"],"_links":{"self":[{"href":"https:\/\/anmam.fr\/index.php\/wp-json\/wp\/v2\/pages\/39","targetHints":{"allow":["GET"]}}],"collection":[{"href":"https:\/\/anmam.fr\/index.php\/wp-json\/wp\/v2\/pages"}],"about":[{"href":"https:\/\/anmam.fr\/index.php\/wp-json\/wp\/v2\/types\/page"}],"author":[{"embeddable":true,"href":"https:\/\/anmam.fr\/index.php\/wp-json\/wp\/v2\/users\/1"}],"replies":[{"embeddable":true,"href":"https:\/\/anmam.fr\/index.php\/wp-json\/wp\/v2\/comments?post=39"}],"version-history":[{"count":31,"href":"https:\/\/anmam.fr\/index.php\/wp-json\/wp\/v2\/pages\/39\/revisions"}],"predecessor-version":[{"id":1108,"href":"https:\/\/anmam.fr\/index.php\/wp-json\/wp\/v2\/pages\/39\/revisions\/1108"}],"up":[{"embeddable":true,"href":"https:\/\/anmam.fr\/index.php\/wp-json\/wp\/v2\/pages\/15"}],"wp:attachment":[{"href":"https:\/\/anmam.fr\/index.php\/wp-json\/wp\/v2\/media?parent=39"}],"curies":[{"name":"wp","href":"https:\/\/api.w.org\/{rel}","templated":true}]}}