{"id":31,"date":"2023-01-13T15:25:27","date_gmt":"2023-01-13T14:25:27","guid":{"rendered":"http:\/\/anmam.fr\/?page_id=31"},"modified":"2024-01-23T12:04:16","modified_gmt":"2024-01-23T11:04:16","slug":"bibliographie","status":"publish","type":"page","link":"https:\/\/anmam.fr\/index.php\/bibliographie\/","title":{"rendered":"BIBLIOGRAPHIE"},"content":{"rendered":"Vous devez \u00eatre connect\u00e9 pour voir ce contenu.","protected":false},"excerpt":{"rendered":"Vous devez \u00eatre connect\u00e9 pour voir ce contenu.","protected":false},"author":1,"featured_media":0,"parent":0,"menu_order":9,"comment_status":"closed","ping_status":"closed","template":"","meta":{"footnotes":""},"class_list":["post-31","page","type-page","status-publish","hentry"],"_links":{"self":[{"href":"https:\/\/anmam.fr\/index.php\/wp-json\/wp\/v2\/pages\/31","targetHints":{"allow":["GET"]}}],"collection":[{"href":"https:\/\/anmam.fr\/index.php\/wp-json\/wp\/v2\/pages"}],"about":[{"href":"https:\/\/anmam.fr\/index.php\/wp-json\/wp\/v2\/types\/page"}],"author":[{"embeddable":true,"href":"https:\/\/anmam.fr\/index.php\/wp-json\/wp\/v2\/users\/1"}],"replies":[{"embeddable":true,"href":"https:\/\/anmam.fr\/index.php\/wp-json\/wp\/v2\/comments?post=31"}],"version-history":[{"count":6,"href":"https:\/\/anmam.fr\/index.php\/wp-json\/wp\/v2\/pages\/31\/revisions"}],"predecessor-version":[{"id":472,"href":"https:\/\/anmam.fr\/index.php\/wp-json\/wp\/v2\/pages\/31\/revisions\/472"}],"wp:attachment":[{"href":"https:\/\/anmam.fr\/index.php\/wp-json\/wp\/v2\/media?parent=31"}],"curies":[{"name":"wp","href":"https:\/\/api.w.org\/{rel}","templated":true}]}}